{"id":14,"date":"2018-11-16T10:01:02","date_gmt":"2018-11-16T10:01:02","guid":{"rendered":"https:\/\/kanzleigerstmannbaltiss.live-website.com\/?page_id=14"},"modified":"2018-11-18T19:22:52","modified_gmt":"2018-11-18T19:22:52","slug":"strafrecht","status":"publish","type":"page","link":"https:\/\/gerstmann-baltissen.de\/?page_id=14","title":{"rendered":"Strafrecht"},"content":{"rendered":"<p>Die richtige Verteidigungsstrategie ist das A und O, wenn man im Fadenkreuz der Ermittlungen steht.<br \/>\nEine ordnungsgem\u00e4\u00dfe und verantwortungsvolle Verteidigung steht in unserer Kanzlei im Vordergrund.<br \/>\nGenerell gilt: Immer einen Anwalt zu Rate ziehen! Jener kann nach <strong>Einsicht in das Ermittlungsmaterial<\/strong> eine <strong>Verteidigungsstrategie<\/strong> ausarbeiten und so gegebenenfalls eine Anklage verhindern.<br \/>\nSelbstverst\u00e4ndlich umfasst unsere T\u00e4tigkeit nicht nur das <strong>Verteidigen von Tatverd\u00e4chtigen<\/strong>.<br \/>\nGleicherma\u00dfen spielt die Betreuung von <strong>Gesch\u00e4digten \/ Opfern<\/strong> eine ebenso gro\u00dfe Rolle. Selbstverst\u00e4ndlich sind wir in unserer Kanzlei auch in <strong>nebenkl\u00e4gerischen Funktionen<\/strong> t\u00e4tig.<\/p>\n","protected":false},"excerpt":{"rendered":"<p>Die richtige Verteidigungsstrategie ist das A und O, wenn man im Fadenkreuz der Ermittlungen steht. Eine ordnungsgem\u00e4\u00dfe und verantwortungsvolle Verteidigung steht in unserer Kanzlei im Vordergrund. Generell gilt: Immer einen Anwalt zu Rate ziehen! Jener kann nach Einsicht in das Ermittlungsmaterial eine Verteidigungsstrategie ausarbeiten und so gegebenenfalls eine Anklage verhindern. Selbstverst\u00e4ndlich umfasst unsere T\u00e4tigkeit nicht &hellip; <\/p>\n<p class=\"link-more\"><a href=\"https:\/\/gerstmann-baltissen.de\/?page_id=14\" class=\"more-link\"><span class=\"screen-reader-text\">\u201eStrafrecht\u201c<\/span> weiterlesen<\/a><\/p>\n","protected":false},"author":1,"featured_media":0,"parent":0,"menu_order":0,"comment_status":"closed","ping_status":"closed","template":"","meta":{"footnotes":""},"_links":{"self":[{"href":"https:\/\/gerstmann-baltissen.de\/index.php?rest_route=\/wp\/v2\/pages\/14"}],"collection":[{"href":"https:\/\/gerstmann-baltissen.de\/index.php?rest_route=\/wp\/v2\/pages"}],"about":[{"href":"https:\/\/gerstmann-baltissen.de\/index.php?rest_route=\/wp\/v2\/types\/page"}],"author":[{"embeddable":true,"href":"https:\/\/gerstmann-baltissen.de\/index.php?rest_route=\/wp\/v2\/users\/1"}],"replies":[{"embeddable":true,"href":"https:\/\/gerstmann-baltissen.de\/index.php?rest_route=%2Fwp%2Fv2%2Fcomments&post=14"}],"version-history":[{"count":4,"href":"https:\/\/gerstmann-baltissen.de\/index.php?rest_route=\/wp\/v2\/pages\/14\/revisions"}],"predecessor-version":[{"id":135,"href":"https:\/\/gerstmann-baltissen.de\/index.php?rest_route=\/wp\/v2\/pages\/14\/revisions\/135"}],"wp:attachment":[{"href":"https:\/\/gerstmann-baltissen.de\/index.php?rest_route=%2Fwp%2Fv2%2Fmedia&parent=14"}],"curies":[{"name":"wp","href":"https:\/\/api.w.org\/{rel}","templated":true}]}}