{"id":15,"date":"2018-11-16T10:01:02","date_gmt":"2018-11-16T10:01:02","guid":{"rendered":"https:\/\/kanzleigerstmannbaltiss.live-website.com\/?page_id=15"},"modified":"2024-03-18T16:07:26","modified_gmt":"2024-03-18T16:07:26","slug":"mietrecht","status":"publish","type":"page","link":"https:\/\/gerstmann-baltissen.de\/?page_id=15","title":{"rendered":"Mietrecht"},"content":{"rendered":"<p>Das Rechtsgebiet des Mietrechts umfasst s\u00e4mtliche Belange des Mieters als auch des Vermieters.<br \/>\nHierunter sind z.B. das Verfassen fristloser und\/oder ordnungsgem\u00e4\u00dfer <strong>K\u00fcndigungsschreiben<\/strong>, die Aufforderung zur Behebung von <strong>M\u00e4ngeln<\/strong>, die Titulierung von <strong>Mietschulden<\/strong> sowie die Pr\u00fcfung des Rechts auf <strong>Mietminderung<\/strong> und deren Berechnung zu fassen.<\/p>\n","protected":false},"excerpt":{"rendered":"<p>Das Rechtsgebiet des Mietrechts umfasst s\u00e4mtliche Belange des Mieters als auch des Vermieters. Hierunter sind z.B. das Verfassen fristloser und\/oder ordnungsgem\u00e4\u00dfer K\u00fcndigungsschreiben, die Aufforderung zur Behebung von M\u00e4ngeln, die Titulierung von Mietschulden sowie die Pr\u00fcfung des Rechts auf Mietminderung und deren Berechnung zu fassen.<\/p>\n","protected":false},"author":1,"featured_media":0,"parent":0,"menu_order":0,"comment_status":"closed","ping_status":"closed","template":"","meta":{"footnotes":""},"_links":{"self":[{"href":"https:\/\/gerstmann-baltissen.de\/index.php?rest_route=\/wp\/v2\/pages\/15"}],"collection":[{"href":"https:\/\/gerstmann-baltissen.de\/index.php?rest_route=\/wp\/v2\/pages"}],"about":[{"href":"https:\/\/gerstmann-baltissen.de\/index.php?rest_route=\/wp\/v2\/types\/page"}],"author":[{"embeddable":true,"href":"https:\/\/gerstmann-baltissen.de\/index.php?rest_route=\/wp\/v2\/users\/1"}],"replies":[{"embeddable":true,"href":"https:\/\/gerstmann-baltissen.de\/index.php?rest_route=%2Fwp%2Fv2%2Fcomments&post=15"}],"version-history":[{"count":3,"href":"https:\/\/gerstmann-baltissen.de\/index.php?rest_route=\/wp\/v2\/pages\/15\/revisions"}],"predecessor-version":[{"id":133,"href":"https:\/\/gerstmann-baltissen.de\/index.php?rest_route=\/wp\/v2\/pages\/15\/revisions\/133"}],"wp:attachment":[{"href":"https:\/\/gerstmann-baltissen.de\/index.php?rest_route=%2Fwp%2Fv2%2Fmedia&parent=15"}],"curies":[{"name":"wp","href":"https:\/\/api.w.org\/{rel}","templated":true}]}}