{"id":58,"date":"2018-11-16T10:13:07","date_gmt":"2018-11-16T10:13:07","guid":{"rendered":"https:\/\/kanzleigerstmannbaltiss.live-website.com\/?page_id=58"},"modified":"2018-11-18T19:23:50","modified_gmt":"2018-11-18T19:23:50","slug":"verkehrsrecht","status":"publish","type":"page","link":"https:\/\/gerstmann-baltissen.de\/?page_id=58","title":{"rendered":"Verkehrsrecht"},"content":{"rendered":"<p><strong>Unsere T\u00e4tigkeit auf dem Gebiet des Verkehrsrechts ist weit gef\u00e4chert.<\/strong><\/p>\n<p>Sie umfasst sowohl Verkehrsunfallangelegenheiten, insbesondere die Geltendmachung und Regulierung von Unfallsch\u00e4den, verkehrsrechtliche Ordnungswidrigkeiten, wie etwa Geschwindigkeits\u00fcberschreitungen o.\u00e4., als auch Beratung und Betreuung in F\u00fchrerscheinangelegenheiten.<\/p>\n<p><strong>Verkehrsunfallregulierung<\/strong><br \/>\nDie Notwendigkeit eines Anwalts wird oft untersch\u00e4tzt; insbesondere bei der Regulierung von Verkehrsunf\u00e4llen verzichtet der Gesch\u00e4digte oft aus Gr\u00fcnden der vermeindlichen Kostenersparnis auf die Hinzuziehung eines Rechtsanwalts. Generell sollte jedoch beachtet werden, dass die Kosten der Inanspruchnahme eines Rechtsanwalts im Falle mangelnden Verschuldens von den Haftpflichtversicherern des Unfallverursachers im Rahmen des Schadensersatzes \u00fcbernommen werden. Auch ist nicht jedem gel\u00e4ufig, welche Schadenpositionen in welcher H\u00f6he (z.B. Schmerzensgeld, Nutzungsausfallentsch\u00e4digung \/ Leihfahrzeuge) geltend gemacht werden k\u00f6nnen, so dass die Hinzuziehung eines Anwalts zu einer f\u00fcr den Gesch\u00e4digten effektiveren, schnelleren und lukrativeren L\u00f6sung f\u00fchren kann.<\/p>\n<p><strong>Ordnungswidrigkeiten<\/strong><br \/>\nBei Verst\u00f6\u00dfen gegen die Stra\u00dfenverkehrsordnung ist es ratsam, sich in anwaltliche Beratung zu begeben. Der Anwalt nimmt in aller Regel Einsicht in die Bu\u00dfgeldakten und pr\u00fcft das Vorhandensein sowie die Schwere der Beweise. So kann der beauftragte Jurist dem Mandanten helfen, Bu\u00dfgelder gegebenenfalls zu reduzieren oder gar abzuwenden. Auch Sanktionen wie etwa F\u00fchrerscheinentzug k\u00f6nnen durch anwaltliche Unterst\u00fctzung erheblich verk\u00fcrzt werden.<br \/>\nKostenhinweis: In vielen F\u00e4llen tr\u00e4gt die Verkehrsrechtsschutzversicherung die anwaltlichen Geb\u00fchren.<\/p>\n<p><strong>F\u00fchrerscheinangelegenheiten<\/strong><br \/>\nZwischenzeitlich weit verbreitet ist der Begriff des &#8222;F\u00fchrerscheintourismus&#8220;. Doch nicht immer ist der Besitz einer ausl\u00e4ndischen Fahrerlaubnis Grund, um von einem solchen Vergehen auszugehen. Der Rechtsanwalt ist in der Lage, auf juristischer Ebene die Umst\u00e4nde einzelner Sachverhalte zu pr\u00fcfen und kann so dem Aberkennen ausl\u00e4ndischer Fahrerlaubnisse in Deutschland entgegenwirken.<\/p>\n<p>&nbsp;<\/p>\n","protected":false},"excerpt":{"rendered":"<p>Unsere T\u00e4tigkeit auf dem Gebiet des Verkehrsrechts ist weit gef\u00e4chert. Sie umfasst sowohl Verkehrsunfallangelegenheiten, insbesondere die Geltendmachung und Regulierung von Unfallsch\u00e4den, verkehrsrechtliche Ordnungswidrigkeiten, wie etwa Geschwindigkeits\u00fcberschreitungen o.\u00e4., als auch Beratung und Betreuung in F\u00fchrerscheinangelegenheiten. Verkehrsunfallregulierung Die Notwendigkeit eines Anwalts wird oft untersch\u00e4tzt; insbesondere bei der Regulierung von Verkehrsunf\u00e4llen verzichtet der Gesch\u00e4digte oft aus Gr\u00fcnden der &hellip; <\/p>\n<p class=\"link-more\"><a href=\"https:\/\/gerstmann-baltissen.de\/?page_id=58\" class=\"more-link\"><span class=\"screen-reader-text\">\u201eVerkehrsrecht\u201c<\/span> weiterlesen<\/a><\/p>\n","protected":false},"author":1,"featured_media":0,"parent":0,"menu_order":0,"comment_status":"closed","ping_status":"closed","template":"","meta":{"footnotes":""},"_links":{"self":[{"href":"https:\/\/gerstmann-baltissen.de\/index.php?rest_route=\/wp\/v2\/pages\/58"}],"collection":[{"href":"https:\/\/gerstmann-baltissen.de\/index.php?rest_route=\/wp\/v2\/pages"}],"about":[{"href":"https:\/\/gerstmann-baltissen.de\/index.php?rest_route=\/wp\/v2\/types\/page"}],"author":[{"embeddable":true,"href":"https:\/\/gerstmann-baltissen.de\/index.php?rest_route=\/wp\/v2\/users\/1"}],"replies":[{"embeddable":true,"href":"https:\/\/gerstmann-baltissen.de\/index.php?rest_route=%2Fwp%2Fv2%2Fcomments&post=58"}],"version-history":[{"count":5,"href":"https:\/\/gerstmann-baltissen.de\/index.php?rest_route=\/wp\/v2\/pages\/58\/revisions"}],"predecessor-version":[{"id":136,"href":"https:\/\/gerstmann-baltissen.de\/index.php?rest_route=\/wp\/v2\/pages\/58\/revisions\/136"}],"wp:attachment":[{"href":"https:\/\/gerstmann-baltissen.de\/index.php?rest_route=%2Fwp%2Fv2%2Fmedia&parent=58"}],"curies":[{"name":"wp","href":"https:\/\/api.w.org\/{rel}","templated":true}]}}