{"id":62,"date":"2018-11-16T10:24:25","date_gmt":"2018-11-16T10:24:25","guid":{"rendered":"https:\/\/kanzleigerstmannbaltiss.live-website.com\/?page_id=62"},"modified":"2024-03-18T16:07:13","modified_gmt":"2024-03-18T16:07:13","slug":"familienrecht","status":"publish","type":"page","link":"https:\/\/gerstmann-baltissen.de\/?page_id=62","title":{"rendered":"Familienrecht"},"content":{"rendered":"<p>Auf dem Gebiet des Familienrechts stehen wir gerne mit Rat und Tat hinsichtlich s\u00e4mtlicher Belange zur Seite.<br \/>\nHierunter z\u00e4hlen u.a. die Durchf\u00fchrung von <strong>Scheidungsverfahren<\/strong> &#8211; hiermit einhergehend oftmals die Geltendmachung von <strong>Trennungs<\/strong>&#8211; und\/oder <strong>Kindesunterhalt<\/strong>, <strong>Sorgerechts<\/strong>&#8211; und <strong>Umgangsfragen<\/strong> sowie gleicherma\u00dfen rechtliche Beratung in <strong>Vaterschaftsfragen<\/strong>.<\/p>\n","protected":false},"excerpt":{"rendered":"<p>Auf dem Gebiet des Familienrechts stehen wir gerne mit Rat und Tat hinsichtlich s\u00e4mtlicher Belange zur Seite. Hierunter z\u00e4hlen u.a. die Durchf\u00fchrung von Scheidungsverfahren &#8211; hiermit einhergehend oftmals die Geltendmachung von Trennungs&#8211; und\/oder Kindesunterhalt, Sorgerechts&#8211; und Umgangsfragen sowie gleicherma\u00dfen rechtliche Beratung in Vaterschaftsfragen.<\/p>\n","protected":false},"author":1,"featured_media":0,"parent":0,"menu_order":0,"comment_status":"closed","ping_status":"closed","template":"","meta":{"footnotes":""},"_links":{"self":[{"href":"https:\/\/gerstmann-baltissen.de\/index.php?rest_route=\/wp\/v2\/pages\/62"}],"collection":[{"href":"https:\/\/gerstmann-baltissen.de\/index.php?rest_route=\/wp\/v2\/pages"}],"about":[{"href":"https:\/\/gerstmann-baltissen.de\/index.php?rest_route=\/wp\/v2\/types\/page"}],"author":[{"embeddable":true,"href":"https:\/\/gerstmann-baltissen.de\/index.php?rest_route=\/wp\/v2\/users\/1"}],"replies":[{"embeddable":true,"href":"https:\/\/gerstmann-baltissen.de\/index.php?rest_route=%2Fwp%2Fv2%2Fcomments&post=62"}],"version-history":[{"count":3,"href":"https:\/\/gerstmann-baltissen.de\/index.php?rest_route=\/wp\/v2\/pages\/62\/revisions"}],"predecessor-version":[{"id":132,"href":"https:\/\/gerstmann-baltissen.de\/index.php?rest_route=\/wp\/v2\/pages\/62\/revisions\/132"}],"wp:attachment":[{"href":"https:\/\/gerstmann-baltissen.de\/index.php?rest_route=%2Fwp%2Fv2%2Fmedia&parent=62"}],"curies":[{"name":"wp","href":"https:\/\/api.w.org\/{rel}","templated":true}]}}