{"id":71,"date":"2018-11-16T10:26:53","date_gmt":"2018-11-16T10:26:53","guid":{"rendered":"https:\/\/kanzleigerstmannbaltiss.live-website.com\/?page_id=71"},"modified":"2024-07-08T09:45:15","modified_gmt":"2024-07-08T09:45:15","slug":"impressum","status":"publish","type":"page","link":"https:\/\/gerstmann-baltissen.de\/?page_id=71","title":{"rendered":"Impressum"},"content":{"rendered":"<p><strong>(Impressum &#8211; Angaben gem. \u00a7 6 Teledienstgesetz (TDG))<\/strong><\/p>\n<p>Die nachstehenden Informationen enthalten die gesetzlich vorgesehenen Pflichtangaben zur Anbieterkennzeichnung auf der Internet-Pr\u00e4senz der<\/p>\n<p>Kanzlei Gerstmann-Baltissen<br \/>\nAmtsgerichtsstrasse 20<br \/>\n47119 Duisburg<\/p>\n<p><strong>Zugeh\u00f6rige Kammer:<\/strong><br \/>\nRechtsanwaltskammer D\u00fcsseldorf \/ Die Gesch\u00e4ftsstelle der Rechtsanwaltskammer befindet sich in<br \/>\nder Freiligrathstra\u00dfe 25 in 40479 D\u00fcsseldorf (Tel. 0211\/49502-0 \/ Fax: 0211\/49502-28 \/ <a href=\"http:\/\/www.rak-ddorf.de\" target=\"_blank\" rel=\"noopener\">www.rak-ddorf.de<\/a>)<\/p>\n<ul style=\"list-style-type: circle;\">\n<li>gesetzliche Berufsbezeichnung (\u00a76 Nr. 5b TDG): Rechtsanwalt (verliehen in der Bundesrepublik Deutschland)<br \/>\nEs gelten die folgenden berufsrechtlichen Regelungen:<\/li>\n<li>Bundesrechtsanwaltsordnung (BRAO)<\/li>\n<li>Berufsordnung f\u00fcr Rechtsanw\u00e4lte<\/li>\n<li>Bundesrechtsanwaltsgeb\u00fchrenordnung (BRAGO)<\/li>\n<li>Rechtsanwaltsverg\u00fctungsgesetz (RVG)<\/li>\n<li>Berufsregeln der Rechtsanw\u00e4lte der Europ\u00e4ischen Gemeinschaft (CCBE)<\/li>\n<\/ul>\n<p>Der Gesetzestext kann auf der Internetseite der Bundesrechtsanwaltskammer unter <a href=\"http:\/\/www.brak.de\" target=\"_blank\" rel=\"noopener\">www.brak.de<\/a> eingesehen werden.<br \/>\nDer Sitz der Kanzlei ist:<\/p>\n<p>Amtsgerichtsstrasse 20<br \/>\n47119 Duisburg<br \/>\nTel.: 0203\/872500<br \/>\nFax: 0203\/872501<br \/>\nemail:\u00a0 <a href=\"mailto:ra@gerstmann-baltissen.de\" target=\"_blank\" rel=\"noopener\">ra@gerstmann-baltissen.de<\/a><br \/>\nDomain:\u00a0 <a href=\"https:\/\/www.gerstmann-baltissen.de\" target=\"_blank\" rel=\"noopener\">www.gerstmann-baltissen.de<\/a><br \/>\nSteuernummer:\u00a0 134\/5059\/1410<\/p>\n<p>Gem\u00e4\u00df aktueller Fassung der BRAO (Bundesrechtsanwaltsordnung) ist der Rechtsanwalt verpflichtet, eine Berufshaftpflichtversicherung mit einer Mindestversicherungssumme in H\u00f6he von 250.000,00 \u20ac zu unterhalten.<\/p>\n<p>Zu Weiterem verweise ich auf \u00a7 51 BRAO<br \/>\nMeine Verm\u00f6gensschadenhaftpflichtversicherung besteht bei der<\/p>\n<p>andsafe Aktiengesellschaft<br \/>\nProvinzial-Allee 1<br \/>\n48159 M\u00fcnster<\/p>\n<p><strong>Haftungsausschluss und Copyright<\/strong><\/p>\n<p>1. Inhalt des Onlineangebotes<br \/>\nDie Haftung f\u00fcr die Aktualit\u00e4t, Vollst\u00e4ndigkeit oder Qualit\u00e4t ist ausgeschlossen. Wir behalten uns vor, jederzeit ohne vorherige Ank\u00fcndigung das Angebot zu ver\u00e4ndern, zu erg\u00e4nzen, zu l\u00f6schen oder die Ver\u00f6ffentlichung einzustellen.<\/p>\n<p>2. Verweise und Links<br \/>\nDie ver\u00f6ffentlichten Links werden mit gr\u00f6\u00dftm\u00f6glicher Sorgfalt recherchiert und zusammengestellt. Wir haben keinen Einfluss auf die aktuelle und zuk\u00fcnftige Gestaltung und Inhalte der verlinkten Seiten. Wir sind nicht f\u00fcr den Inhalt der verkn\u00fcpften Seiten verantwortlich und machen uns den Inhalt nicht zu eigen. F\u00fcr illegale, fehlerhafte oder unvollst\u00e4ndige Inhalte sowie f\u00fcr Sch\u00e4den, die durch die Nutzung oder Nichtnutzung der Informationen entstehen, haftet allein der Anbieter der Web-Site, auf die verwiesen wurde. Die Haftung desjenigen, der lediglich auf die Ver\u00f6ffentlichung durch einen Link hinweist, ist ausgeschlossen. F\u00fcr fremde Hinweise sind wir nur dann verantwortlich, wenn wir von den Seiten, d.h. auch von einem eventuellen rechtswidrigen bzw. strafbaren Inhalt, positive Kenntnis haben, und es technisch m\u00f6glich und zumutbar ist, deren Nutzung zu verhindern.<\/p>\n<p>3. Urheber- und Kennzeichenrecht<br \/>\nWir sind bestrebt, in allen Publikationen die Urheberrechte der verwendeten Grafiken, Tondokumente, Videosequenzen und Texte zu beachten. Alle innerhalb des Internetangebotes genannten und ggf. durch Dritte gesch\u00fctzten Marken- und Warenzeichen unterliegen uneingeschr\u00e4nkt den Bestimmungen des jeweils g\u00fcltigen Kennzeichenrechts und den Besitzrechten der jeweiligen eingetragenen Eigent\u00fcmer. Allein aufgrund der blo\u00dfen Nennung ist nicht der Schluss zu ziehen, dass Markenzeichen nicht durch Rechte Dritter gesch\u00fctzt sind. Das Copyright f\u00fcr ver\u00f6ffentlichte, vom Autor selbst erstellte Objekte bleibt allein beim Autor der Seiten. Eine Vervielf\u00e4ltigung oder Verwendung solcher Grafiken und Texte in anderen elektronischen oder gedruckten Publikationen ist ohne unsere ausdr\u00fcckliche Zustimmung nicht gestattet.<\/p>\n<p>Duisburg,\u00a0 08.07.2014<\/p>\n","protected":false},"excerpt":{"rendered":"<p>(Impressum &#8211; Angaben gem. \u00a7 6 Teledienstgesetz (TDG)) Die nachstehenden Informationen enthalten die gesetzlich vorgesehenen Pflichtangaben zur Anbieterkennzeichnung auf der Internet-Pr\u00e4senz der Kanzlei Gerstmann-Baltissen Amtsgerichtsstrasse 20 47119 Duisburg Zugeh\u00f6rige Kammer: Rechtsanwaltskammer D\u00fcsseldorf \/ Die Gesch\u00e4ftsstelle der Rechtsanwaltskammer befindet sich in der Freiligrathstra\u00dfe 25 in 40479 D\u00fcsseldorf (Tel. 0211\/49502-0 \/ Fax: 0211\/49502-28 \/ www.rak-ddorf.de) gesetzliche Berufsbezeichnung &hellip; <\/p>\n<p class=\"link-more\"><a href=\"https:\/\/gerstmann-baltissen.de\/?page_id=71\" class=\"more-link\"><span class=\"screen-reader-text\">\u201eImpressum\u201c<\/span> weiterlesen<\/a><\/p>\n","protected":false},"author":1,"featured_media":0,"parent":0,"menu_order":0,"comment_status":"closed","ping_status":"closed","template":"","meta":{"footnotes":""},"_links":{"self":[{"href":"https:\/\/gerstmann-baltissen.de\/index.php?rest_route=\/wp\/v2\/pages\/71"}],"collection":[{"href":"https:\/\/gerstmann-baltissen.de\/index.php?rest_route=\/wp\/v2\/pages"}],"about":[{"href":"https:\/\/gerstmann-baltissen.de\/index.php?rest_route=\/wp\/v2\/types\/page"}],"author":[{"embeddable":true,"href":"https:\/\/gerstmann-baltissen.de\/index.php?rest_route=\/wp\/v2\/users\/1"}],"replies":[{"embeddable":true,"href":"https:\/\/gerstmann-baltissen.de\/index.php?rest_route=%2Fwp%2Fv2%2Fcomments&post=71"}],"version-history":[{"count":5,"href":"https:\/\/gerstmann-baltissen.de\/index.php?rest_route=\/wp\/v2\/pages\/71\/revisions"}],"predecessor-version":[{"id":167,"href":"https:\/\/gerstmann-baltissen.de\/index.php?rest_route=\/wp\/v2\/pages\/71\/revisions\/167"}],"wp:attachment":[{"href":"https:\/\/gerstmann-baltissen.de\/index.php?rest_route=%2Fwp%2Fv2%2Fmedia&parent=71"}],"curies":[{"name":"wp","href":"https:\/\/api.w.org\/{rel}","templated":true}]}}