{"id":8,"date":"2018-11-16T10:01:02","date_gmt":"2018-11-16T10:01:02","guid":{"rendered":"https:\/\/kanzleigerstmannbaltiss.live-website.com\/?page_id=8"},"modified":"2018-11-20T15:10:08","modified_gmt":"2018-11-20T15:10:08","slug":"startseite","status":"publish","type":"page","link":"https:\/\/gerstmann-baltissen.de\/","title":{"rendered":"Startseite"},"content":{"rendered":"<p><span style=\"font-size: 12pt;\"><strong>Willkommen auf den Internetseiten der Kanzlei Gerstmann &#8211; Baltissen<\/strong><\/span><\/p>\n<p style=\"text-align: center;\"><em><b>&#8222;freundlich, hilfsbereit und kompetent &#8222;<\/b><\/em><\/p>\n<p style=\"text-align: left;\"><b><\/b>Diesen Grundsatz haben wir uns zu Eigen gemacht und uns f\u00fcr eine effektive und zufriedenstellende Bearbeitung unserer Mandate Ma\u00dfst\u00e4be gesetzt, deren Einhaltung oberste Priorit\u00e4t haben:<\/p>\n<p><strong>Zielorientiertheit:<\/strong>\u00a0 rechtliche Durchsetzung der mit Ihnen erarbeiteten Ziele<br \/>\n<strong>zeitnahe Bearbeitung:<\/strong>\u00a0 schnelle Bearbeitung sowie kurzfristige Terminvergabe<br \/>\n<strong>Transparenz:<\/strong>\u00a0 Sachstandsinformationen &#8211; jederzeit gerne auch telefonisch<br \/>\n<strong>Mandantenfreundlichkeit:<\/strong>\u00a0 ausf\u00fchrliche Erl\u00e4uterung des Kostenrisikos<\/p>\n<p><span style=\"display: inline !important; float: none; background-color: transparent; color: #333333; cursor: text; font-family: 'Libre Franklin','Helvetica Neue',helvetica,arial,sans-serif; font-size: 16px; font-style: normal; font-variant: normal; font-weight: 400; letter-spacing: normal; orphans: 2; text-align: left; text-decoration: none; text-indent: 0px; text-transform: none; -webkit-text-stroke-width: 0px; white-space: normal; word-spacing: 0px;\">Sie ben\u00f6tigen mehr Informationen? Wir freuen uns auf Ihre <a href=\"https:\/\/gerstmann-baltissen.de\/kontakt\">Anfrage<\/a>!<\/span><\/p>\n<p><strong>F\u00fcr Sie zum Download:<\/strong><br \/>\n<a href=\"https:\/\/gerstmann-baltissen.de\/wp-content\/uploads\/2018\/11\/Prozess_Vollmacht.pdf\" target=\"_blank\" rel=\"noopener\">Prozess_Vollmacht<\/a><br \/>\n<a href=\"https:\/\/gerstmann-baltissen.de\/wp-content\/uploads\/2018\/11\/Strafprozess_Vollmacht.pdf\" target=\"_blank\" rel=\"noopener\">Strafprozessvollmacht<\/a><br \/>\n<a href=\"https:\/\/gerstmann-baltissen.de\/wp-content\/uploads\/2018\/11\/aussergerichtliche_-Vollmacht.pdf\" target=\"_blank\" rel=\"noopener\">au\u00dfergerichtliche Vollmacht<\/a><br \/>\n<a href=\"https:\/\/gerstmann-baltissen.de\/wp-content\/uploads\/2018\/11\/Mandantenfragebogen.pdf\" target=\"_blank\" rel=\"noopener\">Mandantenfragebogen<\/a><\/p>\n","protected":false},"excerpt":{"rendered":"<p>Willkommen auf den Internetseiten der Kanzlei Gerstmann &#8211; Baltissen &#8222;freundlich, hilfsbereit und kompetent &#8222; Diesen Grundsatz haben wir uns zu Eigen gemacht und uns f\u00fcr eine effektive und zufriedenstellende Bearbeitung unserer Mandate Ma\u00dfst\u00e4be gesetzt, deren Einhaltung oberste Priorit\u00e4t haben: Zielorientiertheit:\u00a0 rechtliche Durchsetzung der mit Ihnen erarbeiteten Ziele zeitnahe Bearbeitung:\u00a0 schnelle Bearbeitung sowie kurzfristige Terminvergabe Transparenz:\u00a0 &hellip; <\/p>\n<p class=\"link-more\"><a href=\"https:\/\/gerstmann-baltissen.de\/\" class=\"more-link\"><span class=\"screen-reader-text\">\u201eStartseite\u201c<\/span> weiterlesen<\/a><\/p>\n","protected":false},"author":1,"featured_media":0,"parent":0,"menu_order":0,"comment_status":"closed","ping_status":"closed","template":"","meta":{"footnotes":""},"_links":{"self":[{"href":"https:\/\/gerstmann-baltissen.de\/index.php?rest_route=\/wp\/v2\/pages\/8"}],"collection":[{"href":"https:\/\/gerstmann-baltissen.de\/index.php?rest_route=\/wp\/v2\/pages"}],"about":[{"href":"https:\/\/gerstmann-baltissen.de\/index.php?rest_route=\/wp\/v2\/types\/page"}],"author":[{"embeddable":true,"href":"https:\/\/gerstmann-baltissen.de\/index.php?rest_route=\/wp\/v2\/users\/1"}],"replies":[{"embeddable":true,"href":"https:\/\/gerstmann-baltissen.de\/index.php?rest_route=%2Fwp%2Fv2%2Fcomments&post=8"}],"version-history":[{"count":12,"href":"https:\/\/gerstmann-baltissen.de\/index.php?rest_route=\/wp\/v2\/pages\/8\/revisions"}],"predecessor-version":[{"id":146,"href":"https:\/\/gerstmann-baltissen.de\/index.php?rest_route=\/wp\/v2\/pages\/8\/revisions\/146"}],"wp:attachment":[{"href":"https:\/\/gerstmann-baltissen.de\/index.php?rest_route=%2Fwp%2Fv2%2Fmedia&parent=8"}],"curies":[{"name":"wp","href":"https:\/\/api.w.org\/{rel}","templated":true}]}}