{"id":9,"date":"2018-11-16T10:01:02","date_gmt":"2018-11-16T10:01:02","guid":{"rendered":"https:\/\/kanzleigerstmannbaltiss.live-website.com\/?page_id=9"},"modified":"2018-11-16T11:48:51","modified_gmt":"2018-11-16T11:48:51","slug":"ueber-mich","status":"publish","type":"page","link":"https:\/\/gerstmann-baltissen.de\/?page_id=9","title":{"rendered":"\u00dcber mich"},"content":{"rendered":"<p><em><strong>&#8222;Schnell, kompetent, durchsetzungsf\u00e4hig&#8220;<\/strong><\/em><\/p>\n<p><strong><span style=\"text-align: left; color: #333333; text-transform: none; text-indent: 0px; letter-spacing: normal; font-family: 'Libre Franklin','Helvetica Neue',helvetica,arial,sans-serif; font-size: 16px; font-style: normal; font-variant: normal; text-decoration: none; word-spacing: 0px; display: inline !important; white-space: normal; cursor: text; orphans: 2; float: none; -webkit-text-stroke-width: 0px; background-color: transparent;\">Gabriele Gerstmann-Baltissen<br \/>\n<\/span><span style=\"text-align: left; color: #333333; text-transform: none; text-indent: 0px; letter-spacing: normal; font-family: 'Libre Franklin','Helvetica Neue',helvetica,arial,sans-serif; font-size: 16px; font-style: normal; font-variant: normal; text-decoration: none; word-spacing: 0px; display: inline !important; white-space: normal; cursor: text; orphans: 2; float: none; -webkit-text-stroke-width: 0px; background-color: transparent;\">(Rechtsanw\u00e4ltin <\/span>zugelassen bei der Rechtsanwaltskammer\u00a0D\u00fcsseldorf<\/strong><\/p>\n<table style=\"width: 100%; height: 288px; border-collapse: collapse;\" border=\"0\">\n<tbody>\n<tr style=\"height: 288px;\">\n<td style=\"width: 50%; height: 288px;\"><img decoding=\"async\" loading=\"lazy\" class=\"size-medium wp-image-97 alignleft\" src=\"https:\/\/gerstmann-baltissen.de\/wp-content\/uploads\/2018\/11\/Foto_GWB-199x300.jpg\" alt=\"\" width=\"199\" height=\"300\" \/><\/td>\n<td style=\"height: 288px;\">\n<ul style=\"list-style-type: circle;\">\n<li>1967 in Duisburg geboren<\/li>\n<li>1986 Abitur in Oberhausen \/ Rheinland<\/li>\n<li>Studium der Rechtswissenschaften an der Ruhr &#8211; Universit\u00e4t in Bochum<\/li>\n<li>Referendariat beim Landgericht Duisburg<\/li>\n<li>seit 1996 unter der Kanzleianschrift als zugelassene Rechtsanw\u00e4ltin selbstst\u00e4ndig t\u00e4tig<\/li>\n<\/ul>\n<\/td>\n<\/tr>\n<\/tbody>\n<\/table>\n<p><strong>Ich freue mich auf Ihren Besuch und bitten um telefonische Terminabsprache.<\/strong><\/p>\n","protected":false},"excerpt":{"rendered":"<p>&#8222;Schnell, kompetent, durchsetzungsf\u00e4hig&#8220; Gabriele Gerstmann-Baltissen (Rechtsanw\u00e4ltin zugelassen bei der Rechtsanwaltskammer\u00a0D\u00fcsseldorf 1967 in Duisburg geboren 1986 Abitur in Oberhausen \/ Rheinland Studium der Rechtswissenschaften an der Ruhr &#8211; Universit\u00e4t in Bochum Referendariat beim Landgericht Duisburg seit 1996 unter der Kanzleianschrift als zugelassene Rechtsanw\u00e4ltin selbstst\u00e4ndig t\u00e4tig Ich freue mich auf Ihren Besuch und bitten um telefonische Terminabsprache.<\/p>\n","protected":false},"author":1,"featured_media":0,"parent":0,"menu_order":0,"comment_status":"closed","ping_status":"closed","template":"","meta":{"footnotes":""},"_links":{"self":[{"href":"https:\/\/gerstmann-baltissen.de\/index.php?rest_route=\/wp\/v2\/pages\/9"}],"collection":[{"href":"https:\/\/gerstmann-baltissen.de\/index.php?rest_route=\/wp\/v2\/pages"}],"about":[{"href":"https:\/\/gerstmann-baltissen.de\/index.php?rest_route=\/wp\/v2\/types\/page"}],"author":[{"embeddable":true,"href":"https:\/\/gerstmann-baltissen.de\/index.php?rest_route=\/wp\/v2\/users\/1"}],"replies":[{"embeddable":true,"href":"https:\/\/gerstmann-baltissen.de\/index.php?rest_route=%2Fwp%2Fv2%2Fcomments&post=9"}],"version-history":[{"count":7,"href":"https:\/\/gerstmann-baltissen.de\/index.php?rest_route=\/wp\/v2\/pages\/9\/revisions"}],"predecessor-version":[{"id":102,"href":"https:\/\/gerstmann-baltissen.de\/index.php?rest_route=\/wp\/v2\/pages\/9\/revisions\/102"}],"wp:attachment":[{"href":"https:\/\/gerstmann-baltissen.de\/index.php?rest_route=%2Fwp%2Fv2%2Fmedia&parent=9"}],"curies":[{"name":"wp","href":"https:\/\/api.w.org\/{rel}","templated":true}]}}